{"id":21,"date":"2023-12-08T16:56:21","date_gmt":"2023-12-08T15:56:21","guid":{"rendered":"https:\/\/www.mareikekress.de\/?page_id=21"},"modified":"2025-04-15T10:46:24","modified_gmt":"2025-04-15T08:46:24","slug":"kontakt","status":"publish","type":"page","link":"https:\/\/www.mareikekress.de\/?page_id=21","title":{"rendered":"Kontakt"},"content":{"rendered":"\t\t<div data-elementor-type=\"wp-page\" data-elementor-id=\"21\" class=\"elementor elementor-21\" data-elementor-post-type=\"page\">\n\t\t\t\t\t\t<section class=\"elementor-section elementor-top-section elementor-element elementor-element-4f04c14a elementor-section-height-min-height elementor-section-boxed elementor-section-height-default elementor-section-items-middle\" data-id=\"4f04c14a\" data-element_type=\"section\" data-e-type=\"section\" data-settings=\"{&quot;background_background&quot;:&quot;classic&quot;}\">\n\t\t\t\t\t\t\t<div class=\"elementor-background-overlay\"><\/div>\n\t\t\t\t\t\t\t<div class=\"elementor-container elementor-column-gap-narrow\">\n\t\t\t\t\t<div class=\"elementor-column elementor-col-100 elementor-top-column elementor-element elementor-element-33613472\" data-id=\"33613472\" data-element_type=\"column\" data-e-type=\"column\">\n\t\t\t<div class=\"elementor-widget-wrap elementor-element-populated\">\n\t\t\t\t\t\t<div class=\"elementor-element elementor-element-3dc7e98e elementor-widget elementor-widget-heading\" data-id=\"3dc7e98e\" data-element_type=\"widget\" data-e-type=\"widget\" data-widget_type=\"heading.default\">\n\t\t\t\t<div class=\"elementor-widget-container\">\n\t\t\t\t\t<h1 class=\"elementor-heading-title elementor-size-default\">Kontakt<\/h1>\t\t\t\t<\/div>\n\t\t\t\t<\/div>\n\t\t\t\t\t<\/div>\n\t\t<\/div>\n\t\t\t\t\t<\/div>\n\t\t<\/section>\n\t\t\t\t<section class=\"elementor-section elementor-top-section elementor-element elementor-element-7243e77 elementor-section-boxed elementor-section-height-default elementor-section-height-default\" data-id=\"7243e77\" data-element_type=\"section\" data-e-type=\"section\">\n\t\t\t\t\t\t<div class=\"elementor-container elementor-column-gap-default\">\n\t\t\t\t\t<div class=\"elementor-column elementor-col-100 elementor-top-column elementor-element elementor-element-da0e9b9\" data-id=\"da0e9b9\" data-element_type=\"column\" data-e-type=\"column\">\n\t\t\t<div class=\"elementor-widget-wrap elementor-element-populated\">\n\t\t\t\t\t\t\t<\/div>\n\t\t<\/div>\n\t\t\t\t\t<\/div>\n\t\t<\/section>\n\t\t\t\t<section class=\"elementor-section elementor-top-section elementor-element elementor-element-6216068 elementor-section-full_width elementor-section-height-min-height elementor-section-items-stretch elementor-section-content-middle elementor-section-height-default\" data-id=\"6216068\" data-element_type=\"section\" data-e-type=\"section\" data-settings=\"{&quot;background_background&quot;:&quot;classic&quot;}\">\n\t\t\t\t\t\t<div class=\"elementor-container elementor-column-gap-wider\">\n\t\t\t\t\t<div class=\"elementor-column elementor-col-50 elementor-top-column elementor-element elementor-element-68c62a1\" data-id=\"68c62a1\" data-element_type=\"column\" data-e-type=\"column\" data-settings=\"{&quot;background_background&quot;:&quot;classic&quot;}\">\n\t\t\t<div class=\"elementor-widget-wrap elementor-element-populated\">\n\t\t\t\t\t\t<div class=\"elementor-element elementor-element-cd85e74 elementor-widget elementor-widget-spacer\" data-id=\"cd85e74\" data-element_type=\"widget\" data-e-type=\"widget\" data-widget_type=\"spacer.default\">\n\t\t\t\t<div class=\"elementor-widget-container\">\n\t\t\t\t\t\t\t<div class=\"elementor-spacer\">\n\t\t\t<div class=\"elementor-spacer-inner\"><\/div>\n\t\t<\/div>\n\t\t\t\t\t\t<\/div>\n\t\t\t\t<\/div>\n\t\t\t\t\t<\/div>\n\t\t<\/div>\n\t\t\t\t<div class=\"elementor-column elementor-col-50 elementor-top-column elementor-element elementor-element-6e79524\" data-id=\"6e79524\" data-element_type=\"column\" data-e-type=\"column\">\n\t\t\t<div class=\"elementor-widget-wrap elementor-element-populated\">\n\t\t\t\t\t\t<div class=\"elementor-element elementor-element-4226e90 elementor-widget elementor-widget-heading\" data-id=\"4226e90\" data-element_type=\"widget\" data-e-type=\"widget\" data-widget_type=\"heading.default\">\n\t\t\t\t<div class=\"elementor-widget-container\">\n\t\t\t\t\t<h1 class=\"elementor-heading-title elementor-size-default\">Praxisr\u00e4ume:<\/h1>\t\t\t\t<\/div>\n\t\t\t\t<\/div>\n\t\t\t\t<div class=\"elementor-element elementor-element-3508e9c elementor-widget-divider--view-line elementor-widget elementor-widget-divider\" data-id=\"3508e9c\" data-element_type=\"widget\" data-e-type=\"widget\" data-widget_type=\"divider.default\">\n\t\t\t\t<div class=\"elementor-widget-container\">\n\t\t\t\t\t\t\t<div class=\"elementor-divider\">\n\t\t\t<span class=\"elementor-divider-separator\">\n\t\t\t\t\t\t<\/span>\n\t\t<\/div>\n\t\t\t\t\t\t<\/div>\n\t\t\t\t<\/div>\n\t\t\t\t<div class=\"elementor-element elementor-element-7290f84 elementor-widget elementor-widget-text-editor\" data-id=\"7290f84\" data-element_type=\"widget\" data-e-type=\"widget\" data-widget_type=\"text-editor.default\">\n\t\t\t\t<div class=\"elementor-widget-container\">\n\t\t\t\t\t\t\t\t\t<p>Seestra\u00dfe 2<\/p>\n<p>23684 Gleschendorf<\/p>\n<p>Telefon: 0176 843 43 696<\/p>\n<p>info@mareikekress.de<\/p>\n<p><\/p>\n<p><b>\u00d6ffnungszeiten<\/b>:<\/p>\n<p>Montag-Freitag 9:00h-17:00h<\/p>\n<p>&nbsp;Termine werden nur nach telefonischem Erstgespr\u00e4ch vereinbart.<\/p>\n<div>&nbsp;<\/div>\t\t\t\t\t\t\t\t<\/div>\n\t\t\t\t<\/div>\n\t\t\t\t\t<\/div>\n\t\t<\/div>\n\t\t\t\t\t<\/div>\n\t\t<\/section>\n\t\t\t\t<section class=\"elementor-section elementor-top-section elementor-element elementor-element-1db0a28 elementor-section-boxed elementor-section-height-default elementor-section-height-default\" data-id=\"1db0a28\" data-element_type=\"section\" data-e-type=\"section\">\n\t\t\t\t\t\t<div class=\"elementor-container elementor-column-gap-default\">\n\t\t\t\t\t<div class=\"elementor-column elementor-col-100 elementor-top-column elementor-element elementor-element-0277a4d\" data-id=\"0277a4d\" data-element_type=\"column\" data-e-type=\"column\">\n\t\t\t<div class=\"elementor-widget-wrap\">\n\t\t\t\t\t\t\t<\/div>\n\t\t<\/div>\n\t\t\t\t\t<\/div>\n\t\t<\/section>\n\t\t\t\t<section class=\"elementor-section elementor-top-section elementor-element elementor-element-a977136 elementor-section-boxed elementor-section-height-default elementor-section-height-default\" data-id=\"a977136\" data-element_type=\"section\" data-e-type=\"section\">\n\t\t\t\t\t\t<div class=\"elementor-container elementor-column-gap-default\">\n\t\t\t\t\t<div class=\"elementor-column elementor-col-100 elementor-top-column elementor-element elementor-element-6fa10fd\" data-id=\"6fa10fd\" data-element_type=\"column\" data-e-type=\"column\">\n\t\t\t<div class=\"elementor-widget-wrap elementor-element-populated\">\n\t\t\t\t\t\t<div class=\"elementor-element elementor-element-50d5291 elementor-widget elementor-widget-google_maps\" data-id=\"50d5291\" data-element_type=\"widget\" data-e-type=\"widget\" data-widget_type=\"google_maps.default\">\n\t\t\t\t<div class=\"elementor-widget-container\">\n\t\t\t\t\t\t\t<div class=\"elementor-custom-embed\">\n\t\t\t<iframe loading=\"lazy\"\n\t\t\t\t\tsrc=\"https:\/\/maps.google.com\/maps?q=Seestra%C3%9Fe%202%2C%2023684%20Gleschendorf&#038;t=m&#038;z=10&#038;output=embed&#038;iwloc=near\"\n\t\t\t\t\ttitle=\"Seestra\u00dfe 2, 23684 Gleschendorf\"\n\t\t\t\t\taria-label=\"Seestra\u00dfe 2, 23684 Gleschendorf\"\n\t\t\t><\/iframe>\n\t\t<\/div>\n\t\t\t\t\t\t<\/div>\n\t\t\t\t<\/div>\n\t\t\t\t\t<\/div>\n\t\t<\/div>\n\t\t\t\t\t<\/div>\n\t\t<\/section>\n\t\t\t\t<\/div>\n\t\t","protected":false},"excerpt":{"rendered":"<p>Kontakt Praxisr\u00e4ume: Seestra\u00dfe 2 23684 Gleschendorf Telefon: 0176 843 43 696 info@mareikekress.de \u00d6ffnungszeiten: Montag-Freitag 9:00h-17:00h &nbsp;Termine werden nur nach telefonischem Erstgespr\u00e4ch vereinbart. &nbsp;<\/p>\n","protected":false},"author":1,"featured_media":0,"parent":0,"menu_order":0,"comment_status":"closed","ping_status":"closed","template":"","meta":{"_themeisle_gutenberg_block_has_review":false,"footnotes":""},"class_list":["post-21","page","type-page","status-publish","hentry"],"yoast_head":"<!-- This site is optimized with the Yoast SEO plugin v26.5 - https:\/\/yoast.com\/wordpress\/plugins\/seo\/ -->\n<title>Kontakt - Mareike Kress<\/title>\n<meta name=\"robots\" content=\"index, follow, max-snippet:-1, max-image-preview:large, max-video-preview:-1\" \/>\n<link rel=\"canonical\" href=\"https:\/\/www.mareikekress.de\/?page_id=21\" \/>\n<meta property=\"og:locale\" content=\"de_DE\" \/>\n<meta property=\"og:type\" content=\"article\" \/>\n<meta property=\"og:title\" content=\"Kontakt - Mareike Kress\" \/>\n<meta property=\"og:description\" content=\"Kontakt Praxisr\u00e4ume: Seestra\u00dfe 2 23684 Gleschendorf Telefon: 0176 843 43 696 info@mareikekress.de \u00d6ffnungszeiten: Montag-Freitag 9:00h-17:00h &nbsp;Termine werden nur nach telefonischem Erstgespr\u00e4ch vereinbart. &nbsp;\" \/>\n<meta property=\"og:url\" content=\"https:\/\/www.mareikekress.de\/?page_id=21\" \/>\n<meta property=\"og:site_name\" content=\"Mareike Kress\" \/>\n<meta property=\"article:modified_time\" content=\"2025-04-15T08:46:24+00:00\" \/>\n<meta name=\"twitter:card\" content=\"summary_large_image\" \/>\n<meta name=\"twitter:label1\" content=\"Gesch\u00e4tzte Lesezeit\" \/>\n\t<meta name=\"twitter:data1\" content=\"1\u00a0Minute\" \/>\n<script type=\"application\/ld+json\" class=\"yoast-schema-graph\">{\"@context\":\"https:\/\/schema.org\",\"@graph\":[{\"@type\":\"WebPage\",\"@id\":\"https:\/\/www.mareikekress.de\/?page_id=21\",\"url\":\"https:\/\/www.mareikekress.de\/?page_id=21\",\"name\":\"Kontakt - Mareike Kress\",\"isPartOf\":{\"@id\":\"https:\/\/www.mareikekress.de\/#website\"},\"datePublished\":\"2023-12-08T15:56:21+00:00\",\"dateModified\":\"2025-04-15T08:46:24+00:00\",\"breadcrumb\":{\"@id\":\"https:\/\/www.mareikekress.de\/?page_id=21#breadcrumb\"},\"inLanguage\":\"de\",\"potentialAction\":[{\"@type\":\"ReadAction\",\"target\":[\"https:\/\/www.mareikekress.de\/?page_id=21\"]}]},{\"@type\":\"BreadcrumbList\",\"@id\":\"https:\/\/www.mareikekress.de\/?page_id=21#breadcrumb\",\"itemListElement\":[{\"@type\":\"ListItem\",\"position\":1,\"name\":\"Startseite\",\"item\":\"https:\/\/www.mareikekress.de\/\"},{\"@type\":\"ListItem\",\"position\":2,\"name\":\"Kontakt\"}]},{\"@type\":\"WebSite\",\"@id\":\"https:\/\/www.mareikekress.de\/#website\",\"url\":\"https:\/\/www.mareikekress.de\/\",\"name\":\"Mareike Kress\",\"description\":\"Deine Praxis f\u00fcr Hypnose und Psychotherapie\",\"publisher\":{\"@id\":\"https:\/\/www.mareikekress.de\/#\/schema\/person\/62e3937bdadf9068bb2e1258e338c165\"},\"potentialAction\":[{\"@type\":\"SearchAction\",\"target\":{\"@type\":\"EntryPoint\",\"urlTemplate\":\"https:\/\/www.mareikekress.de\/?s={search_term_string}\"},\"query-input\":{\"@type\":\"PropertyValueSpecification\",\"valueRequired\":true,\"valueName\":\"search_term_string\"}}],\"inLanguage\":\"de\"},{\"@type\":[\"Person\",\"Organization\"],\"@id\":\"https:\/\/www.mareikekress.de\/#\/schema\/person\/62e3937bdadf9068bb2e1258e338c165\",\"name\":\"Dorothee\",\"image\":{\"@type\":\"ImageObject\",\"inLanguage\":\"de\",\"@id\":\"https:\/\/www.mareikekress.de\/#\/schema\/person\/image\/\",\"url\":\"https:\/\/www.mareikekress.de\/wp-content\/uploads\/2023\/12\/Logo-Hypnosepraxis.jpg\",\"contentUrl\":\"https:\/\/www.mareikekress.de\/wp-content\/uploads\/2023\/12\/Logo-Hypnosepraxis.jpg\",\"width\":300,\"height\":291,\"caption\":\"Dorothee\"},\"logo\":{\"@id\":\"https:\/\/www.mareikekress.de\/#\/schema\/person\/image\/\"},\"sameAs\":[\"https:\/\/www.mareikekress.de\"]}]}<\/script>\n<!-- \/ Yoast SEO plugin. -->","yoast_head_json":{"title":"Kontakt - Mareike Kress","robots":{"index":"index","follow":"follow","max-snippet":"max-snippet:-1","max-image-preview":"max-image-preview:large","max-video-preview":"max-video-preview:-1"},"canonical":"https:\/\/www.mareikekress.de\/?page_id=21","og_locale":"de_DE","og_type":"article","og_title":"Kontakt - Mareike Kress","og_description":"Kontakt Praxisr\u00e4ume: Seestra\u00dfe 2 23684 Gleschendorf Telefon: 0176 843 43 696 info@mareikekress.de \u00d6ffnungszeiten: Montag-Freitag 9:00h-17:00h &nbsp;Termine werden nur nach telefonischem Erstgespr\u00e4ch vereinbart. &nbsp;","og_url":"https:\/\/www.mareikekress.de\/?page_id=21","og_site_name":"Mareike Kress","article_modified_time":"2025-04-15T08:46:24+00:00","twitter_card":"summary_large_image","twitter_misc":{"Gesch\u00e4tzte Lesezeit":"1\u00a0Minute"},"schema":{"@context":"https:\/\/schema.org","@graph":[{"@type":"WebPage","@id":"https:\/\/www.mareikekress.de\/?page_id=21","url":"https:\/\/www.mareikekress.de\/?page_id=21","name":"Kontakt - Mareike Kress","isPartOf":{"@id":"https:\/\/www.mareikekress.de\/#website"},"datePublished":"2023-12-08T15:56:21+00:00","dateModified":"2025-04-15T08:46:24+00:00","breadcrumb":{"@id":"https:\/\/www.mareikekress.de\/?page_id=21#breadcrumb"},"inLanguage":"de","potentialAction":[{"@type":"ReadAction","target":["https:\/\/www.mareikekress.de\/?page_id=21"]}]},{"@type":"BreadcrumbList","@id":"https:\/\/www.mareikekress.de\/?page_id=21#breadcrumb","itemListElement":[{"@type":"ListItem","position":1,"name":"Startseite","item":"https:\/\/www.mareikekress.de\/"},{"@type":"ListItem","position":2,"name":"Kontakt"}]},{"@type":"WebSite","@id":"https:\/\/www.mareikekress.de\/#website","url":"https:\/\/www.mareikekress.de\/","name":"Mareike Kress","description":"Deine Praxis f\u00fcr Hypnose und Psychotherapie","publisher":{"@id":"https:\/\/www.mareikekress.de\/#\/schema\/person\/62e3937bdadf9068bb2e1258e338c165"},"potentialAction":[{"@type":"SearchAction","target":{"@type":"EntryPoint","urlTemplate":"https:\/\/www.mareikekress.de\/?s={search_term_string}"},"query-input":{"@type":"PropertyValueSpecification","valueRequired":true,"valueName":"search_term_string"}}],"inLanguage":"de"},{"@type":["Person","Organization"],"@id":"https:\/\/www.mareikekress.de\/#\/schema\/person\/62e3937bdadf9068bb2e1258e338c165","name":"Dorothee","image":{"@type":"ImageObject","inLanguage":"de","@id":"https:\/\/www.mareikekress.de\/#\/schema\/person\/image\/","url":"https:\/\/www.mareikekress.de\/wp-content\/uploads\/2023\/12\/Logo-Hypnosepraxis.jpg","contentUrl":"https:\/\/www.mareikekress.de\/wp-content\/uploads\/2023\/12\/Logo-Hypnosepraxis.jpg","width":300,"height":291,"caption":"Dorothee"},"logo":{"@id":"https:\/\/www.mareikekress.de\/#\/schema\/person\/image\/"},"sameAs":["https:\/\/www.mareikekress.de"]}]}},"_links":{"self":[{"href":"https:\/\/www.mareikekress.de\/index.php?rest_route=\/wp\/v2\/pages\/21","targetHints":{"allow":["GET"]}}],"collection":[{"href":"https:\/\/www.mareikekress.de\/index.php?rest_route=\/wp\/v2\/pages"}],"about":[{"href":"https:\/\/www.mareikekress.de\/index.php?rest_route=\/wp\/v2\/types\/page"}],"author":[{"embeddable":true,"href":"https:\/\/www.mareikekress.de\/index.php?rest_route=\/wp\/v2\/users\/1"}],"replies":[{"embeddable":true,"href":"https:\/\/www.mareikekress.de\/index.php?rest_route=%2Fwp%2Fv2%2Fcomments&post=21"}],"version-history":[{"count":34,"href":"https:\/\/www.mareikekress.de\/index.php?rest_route=\/wp\/v2\/pages\/21\/revisions"}],"predecessor-version":[{"id":485,"href":"https:\/\/www.mareikekress.de\/index.php?rest_route=\/wp\/v2\/pages\/21\/revisions\/485"}],"wp:attachment":[{"href":"https:\/\/www.mareikekress.de\/index.php?rest_route=%2Fwp%2Fv2%2Fmedia&parent=21"}],"curies":[{"name":"wp","href":"https:\/\/api.w.org\/{rel}","templated":true}]}}